{"id":511,"date":"2015-10-06T13:06:56","date_gmt":"2015-10-06T11:06:56","guid":{"rendered":"http:\/\/wwp.gollart.com\/?page_id=511"},"modified":"2024-01-15T16:42:13","modified_gmt":"2024-01-15T16:42:13","slug":"praxis","status":"publish","type":"page","link":"https:\/\/auerswald-praxis.de\/?page_id=511","title":{"rendered":"Praxis"},"content":{"rendered":"<div class=\"box\">Meine Sprechzeiten: <strong>NEU<\/strong>: ab September 2023<\/div>\n<div class=\"box\">in den R\u00e4umen der<\/div>\n<div class=\"box\">Physiotherapie Weitzel<\/div>\n<div class=\"box\">Gr\u00fcnhainer Stra\u00dfe 2\n<p>08340 Schwarzenberg<\/p>\n<p>Montags<\/p>\n<p>10:00 Uhr &#8211; 17:00 Uhr<br \/>Termine nur nach Vereinbarung<\/p>\n<p>Handy:\u00a0 \u00a001607753598<\/p>\n<p>auerswald-praxis[at]t-online.de<\/p>\n<\/div>\n<h3>Anfahrt<\/h3>\n<p><iframe loading=\"lazy\" style=\"border: 0;\" src=\"https:\/\/www.google.com\/maps\/embed?pb=!1m18!1m12!1m3!1d2535.3435958769173!2d12.785431315656306!3d50.546379979488755!2m3!1f0!2f0!3f0!3m2!1i1024!2i768!4f13.1!3m3!1m2!1s0x47a0b6971a6a24ef%3A0xcf300c3976735d0f!2sFrau+Sabine+Auerswald!5e0!3m2!1sde!2sde!4v1496692131841\" width=\"620\" height=\"350\" frameborder=\"0\" allowfullscreen=\"allowfullscreen\"><\/iframe><\/p>\n\n\n<p><\/p>\n\n\n\n<p><\/p>\n","protected":false},"excerpt":{"rendered":"<p>Meine Sprechzeiten: NEU: ab September 2023 in den R\u00e4umen der Physiotherapie Weitzel Gr\u00fcnhainer Stra\u00dfe 2 08340 Schwarzenberg Montags 10:00 Uhr &#8211; 17:00 UhrTermine nur nach Vereinbarung Handy:\u00a0 \u00a001607753598 auerswald-praxis[at]t-online.de Anfahrt<\/p>\n","protected":false},"author":1,"featured_media":0,"parent":0,"menu_order":1,"comment_status":"closed","ping_status":"closed","template":"","meta":{"footnotes":""},"_links":{"self":[{"href":"https:\/\/auerswald-praxis.de\/index.php?rest_route=\/wp\/v2\/pages\/511"}],"collection":[{"href":"https:\/\/auerswald-praxis.de\/index.php?rest_route=\/wp\/v2\/pages"}],"about":[{"href":"https:\/\/auerswald-praxis.de\/index.php?rest_route=\/wp\/v2\/types\/page"}],"author":[{"embeddable":true,"href":"https:\/\/auerswald-praxis.de\/index.php?rest_route=\/wp\/v2\/users\/1"}],"replies":[{"embeddable":true,"href":"https:\/\/auerswald-praxis.de\/index.php?rest_route=%2Fwp%2Fv2%2Fcomments&post=511"}],"version-history":[{"count":13,"href":"https:\/\/auerswald-praxis.de\/index.php?rest_route=\/wp\/v2\/pages\/511\/revisions"}],"predecessor-version":[{"id":687,"href":"https:\/\/auerswald-praxis.de\/index.php?rest_route=\/wp\/v2\/pages\/511\/revisions\/687"}],"wp:attachment":[{"href":"https:\/\/auerswald-praxis.de\/index.php?rest_route=%2Fwp%2Fv2%2Fmedia&parent=511"}],"curies":[{"name":"wp","href":"https:\/\/api.w.org\/{rel}","templated":true}]}}