{"id":619,"date":"2018-06-27T10:11:06","date_gmt":"2018-06-27T10:11:06","guid":{"rendered":"http:\/\/auerswald-praxis.de\/?page_id=619"},"modified":"2018-06-27T10:11:06","modified_gmt":"2018-06-27T10:11:06","slug":"datenschutzerklaerung","status":"publish","type":"page","link":"https:\/\/auerswald-praxis.de\/?page_id=619","title":{"rendered":"Datenschutzerkl\u00e4rung"},"content":{"rendered":"<h2>Wer wir sind<\/h2>\n<p>Die Adresse unserer Website ist: https:\/\/auerswald-praxis.de.<\/p>\n<h2><\/h3>\n<h3>Datenschutz<\/h3>\n<p>Die Betreiber dieser Seiten nehmen den Schutz Ihrer pers\u00f6nlichen Daten sehr ernst. Personenbezogenen Daten, werden entsprechend der gesetzlichen Datenschutzvorschriften sowie dieser Datenschutzerkl\u00e4rung, behandelt.<\/p>\n<p>Die Nutzung unserer Webseite ist ohne Angabe personenbezogener Daten m\u00f6glich. Soweit auf unseren Seiten personenbezogene Daten (beispielsweise Name, Anschrift oder E-Mail-Adressen) erhoben werden, erfolgt dies, soweit m\u00f6glich, stets auf freiwilliger Basis. Diese Daten werden ohne Ihre ausdr\u00fcckliche Zustimmung nicht an Dritte weitergegeben. <\/p>\n<p>Wir weisen darauf hin, dass die Daten\u00fcbertragung im Internet (z.B. bei der Kommunikation per E-Mail) Sicherheitsl\u00fccken aufweisen kann. Ein l\u00fcckenloser Schutz der Daten vor dem Zugriff durch Dritte ist nicht m\u00f6glich. <\/p>\n<h3>Kontaktformular<\/h3>\n<p>Falls Sie das Kontaktformular nutzen, werden Ihre Angaben, zur Beantwortung Ihrer Fragen, bei uns gespeichert. Diese Daten geben wir nicht ohne Ihre Einwilligung weiter.<br \/>\nDie von Ihnen im Kontaktformular eingegebenen Daten verbleiben bei uns, bis Sie uns zur L\u00f6schung auffordern, Ihre Einwilligung zur Speicherung widerrufen oder der Zweck f\u00fcr die Speicherung entf\u00e4llt (z.B. nach Bearbeitung Ihrer Anfrage).<\/p>\n<h3>SSL-Verschl\u00fcsselung<\/h3>\n<p>Diese Seite nutzt aus Gr\u00fcnden der Sicherheit und zum Schutz der \u00dcbertragung vertraulicher Inhalte, eine SSL-Verschl\u00fcsselung. In der Adresszeile Ihres Browsers wechselt die Angabe http:\/\/ auf https:\/\/ und das Schlo\u00dfsymbol am Ende der Browserzeile.<br \/>\nDurch Aktivierung dieser SSL-Verschl\u00fcsselung k\u00f6nnen Daten nicht von Dritten eingesehen werden.<\/p>\n<h3>Speicherung Ihrer Daten<\/h3>\n<p>Wir bewahren Ihre personenbezogenen Daten nur solange auf, wie gesetzlich vorgeschrieben. <\/p>\n<h3>Auskunft, Sperrung, L\u00f6schung<\/h3>\n<p> Sie haben jederzeit das Recht auf unentgeltliche Auskunft \u00fcber Ihre gespeicherten personenbezogenen Daten, deren Herkunft und Empf\u00e4nger und den Zweck der Datenverarbeitung sowie ein Recht auf Berichtigung, Sperrung dieser Daten. Dar\u00fcber hinaus steht Ihnen unter bestimmten Voraussetzungen das Recht auf L\u00f6schung von Daten zu. Hierzu sowie zu weiteren Fragen zum Thema personenbezogene Daten k\u00f6nnen Sie sich jederzeit unter der im Impressum angegebenen Adresse an uns wenden. <\/p>\n","protected":false},"excerpt":{"rendered":"<p>Wer wir sind Die Adresse unserer Website ist: https:\/\/auerswald-praxis.de. Datenschutz Die Betreiber dieser Seiten nehmen den Schutz Ihrer pers\u00f6nlichen Daten sehr ernst. Personenbezogenen Daten, werden entsprechend der gesetzlichen Datenschutzvorschriften sowie dieser Datenschutzerkl\u00e4rung, behandelt. Die Nutzung unserer Webseite ist ohne Angabe personenbezogener Daten m\u00f6glich. Soweit auf unseren Seiten personenbezogene Daten (beispielsweise Name, Anschrift oder E-Mail-Adressen) erhoben [&hellip;]<\/p>\n","protected":false},"author":1,"featured_media":0,"parent":6,"menu_order":0,"comment_status":"closed","ping_status":"closed","template":"","meta":{"footnotes":""},"_links":{"self":[{"href":"https:\/\/auerswald-praxis.de\/index.php?rest_route=\/wp\/v2\/pages\/619"}],"collection":[{"href":"https:\/\/auerswald-praxis.de\/index.php?rest_route=\/wp\/v2\/pages"}],"about":[{"href":"https:\/\/auerswald-praxis.de\/index.php?rest_route=\/wp\/v2\/types\/page"}],"author":[{"embeddable":true,"href":"https:\/\/auerswald-praxis.de\/index.php?rest_route=\/wp\/v2\/users\/1"}],"replies":[{"embeddable":true,"href":"https:\/\/auerswald-praxis.de\/index.php?rest_route=%2Fwp%2Fv2%2Fcomments&post=619"}],"version-history":[{"count":15,"href":"https:\/\/auerswald-praxis.de\/index.php?rest_route=\/wp\/v2\/pages\/619\/revisions"}],"predecessor-version":[{"id":639,"href":"https:\/\/auerswald-praxis.de\/index.php?rest_route=\/wp\/v2\/pages\/619\/revisions\/639"}],"up":[{"embeddable":true,"href":"https:\/\/auerswald-praxis.de\/index.php?rest_route=\/wp\/v2\/pages\/6"}],"wp:attachment":[{"href":"https:\/\/auerswald-praxis.de\/index.php?rest_route=%2Fwp%2Fv2%2Fmedia&parent=619"}],"curies":[{"name":"wp","href":"https:\/\/api.w.org\/{rel}","templated":true}]}}